{"id":1706,"date":"2022-07-19T09:02:53","date_gmt":"2022-07-19T07:02:53","guid":{"rendered":"https:\/\/web.profexdca.sk\/services\/overhauls-and-upgrades\/"},"modified":"2023-03-17T13:03:22","modified_gmt":"2023-03-17T12:03:22","slug":"overhauls-and-upgrades","status":"publish","type":"page","link":"https:\/\/profexdca.sk\/en\/services\/overhauls-and-upgrades\/","title":{"rendered":"General overhauls and modernisation"},"content":{"rendered":"\t\t<div data-elementor-type=\"wp-page\" data-elementor-id=\"1706\" class=\"elementor elementor-1706 elementor-292\">\n\t\t\t\t\t\t<section class=\"elementor-section elementor-top-section elementor-element elementor-element-5b66ffd elementor-section-boxed elementor-section-height-default elementor-section-height-default\" data-id=\"5b66ffd\" data-element_type=\"section\" data-e-type=\"section\">\n\t\t\t\t\t\t<div class=\"elementor-container elementor-column-gap-default\">\n\t\t\t\t\t<div class=\"elementor-column elementor-col-100 elementor-top-column elementor-element elementor-element-236e460\" data-id=\"236e460\" data-element_type=\"column\" data-e-type=\"column\">\n\t\t\t<div class=\"elementor-widget-wrap elementor-element-populated\">\n\t\t\t\t\t\t<div class=\"elementor-element elementor-element-b2fac57 elementor-widget elementor-widget-heading\" data-id=\"b2fac57\" data-element_type=\"widget\" data-e-type=\"widget\" data-widget_type=\"heading.default\">\n\t\t\t\t<div class=\"elementor-widget-container\">\n\t\t\t\t\t<h2 class=\"elementor-heading-title elementor-size-default\">general overhaul<\/h2>\t\t\t\t<\/div>\n\t\t\t\t<\/div>\n\t\t\t\t<div class=\"elementor-element elementor-element-474bfe7 elementor-widget elementor-widget-text-editor\" data-id=\"474bfe7\" data-element_type=\"widget\" data-e-type=\"widget\" data-widget_type=\"text-editor.default\">\n\t\t\t\t<div class=\"elementor-widget-container\">\n\t\t\t\t\t\t\t\t\t<p>PROFEX offers overhauls and upgrades of mechanical, electrical and CNC sections of machines and production lines, in order to offer a more economically viable alternative than buying a new machine, while maintaining the required technical parameters.<\/p>\n<p>The result of the overhaul and modernization is a machine delivered just like a new machine, with a guarantee of production parameters, warranty, operator and maintenance training, commissioning, technological consulting, warranty and post-warranty service.<\/p>\n\t\t\t\t\t\t\t\t<\/div>\n\t\t\t\t<\/div>\n\t\t\t\t<section class=\"elementor-section elementor-inner-section elementor-element elementor-element-cca1fa3 elementor-section-boxed elementor-section-height-default elementor-section-height-default\" data-id=\"cca1fa3\" data-element_type=\"section\" data-e-type=\"section\" data-settings=\"{&quot;background_background&quot;:&quot;classic&quot;}\">\n\t\t\t\t\t\t<div class=\"elementor-container elementor-column-gap-default\">\n\t\t\t\t\t<div class=\"elementor-column elementor-col-100 elementor-inner-column elementor-element elementor-element-31a33a1\" data-id=\"31a33a1\" data-element_type=\"column\" data-e-type=\"column\">\n\t\t\t<div class=\"elementor-widget-wrap elementor-element-populated\">\n\t\t\t\t\t\t<div class=\"elementor-element elementor-element-757c242 elementor-widget elementor-widget-text-editor\" data-id=\"757c242\" data-element_type=\"widget\" data-e-type=\"widget\" data-widget_type=\"text-editor.default\">\n\t\t\t\t<div class=\"elementor-widget-container\">\n\t\t\t\t\t\t\t\t\tngg_shortcode_0_placeholder\n\t\t\t\t\t\t\t\t<\/div>\n\t\t\t\t<\/div>\n\t\t\t\t\t<\/div>\n\t\t<\/div>\n\t\t\t\t\t<\/div>\n\t\t<\/section>\n\t\t\t\t\t<\/div>\n\t\t<\/div>\n\t\t\t\t\t<\/div>\n\t\t<\/section>\n\t\t\t\t<section class=\"elementor-section elementor-top-section elementor-element elementor-element-6112f62 elementor-section-boxed elementor-section-height-default elementor-section-height-default\" data-id=\"6112f62\" data-element_type=\"section\" data-e-type=\"section\">\n\t\t\t\t\t\t<div class=\"elementor-container elementor-column-gap-default\">\n\t\t\t\t\t<div class=\"elementor-column elementor-col-100 elementor-top-column elementor-element elementor-element-4b25dc3\" data-id=\"4b25dc3\" data-element_type=\"column\" data-e-type=\"column\">\n\t\t\t<div class=\"elementor-widget-wrap elementor-element-populated\">\n\t\t\t\t\t\t<div class=\"elementor-element elementor-element-54994e0 elementor-widget elementor-widget-text-editor\" data-id=\"54994e0\" data-element_type=\"widget\" data-e-type=\"widget\" data-widget_type=\"text-editor.default\">\n\t\t\t\t<div class=\"elementor-widget-container\">\n\t\t\t\t\t\t\t\t\t<ul>\n<li>overhauls of horizontal boring machines, milling machines, carousels and lathes<\/li>\n<li>general repairs of presses and forming machines<\/li>\n<li>production of technological lines, straighteners, unwinders<\/li>\n<li>general repairs of mechanical parts of machine tools and forming machines<\/li>\n<li>modernization of conventionally controlled machines to CNC control, addition of new drives<\/li>\n<li><span style=\"font-size: inherit; text-align: inherit; background-color: var(--palettecolor7); color: var(--theme-text-color); font-family: var(--fontFamily); font-style: var(--fontStyle, inherit); font-weight: var(--fontWeight); letter-spacing: var(--letterSpacing); text-transform: var(--textTransform);\">replacements of CNC parts, control systems and drives<\/span><\/li>\n<li>upgrades of horizontal boring mills to higher spindle speeds<\/li>\n<li>tool clamping upgrades of horizontal boring mills<\/li>\n<li>supply of new documentation, certification, CE standard<\/li>\n<li>supply of safety parts, preparation for approval by the Technical Inspection of the Slovak Republic<\/li>\n<li>supply of new linear and rotary metering<\/li>\n<li>supply of new spindles, spindle assemblies and their storage<\/li>\n<li>supply of new hydraulic cylinders and ram presses and their mounting<\/li>\n<li>supply of new ball screws and trapezoidal screws and their fitting<\/li>\n<li>supply of new toothed, belt and chain gears<\/li>\n<li>supply of new hydraulic circuits for tool clamping, axle bracing, gear shifting, balancing, etc.<\/li>\n<li>supply of new central lubrication circuits for guiding surfaces and gears<\/li>\n<li>supply of new hydrostatic axle circuits for heavy machine tools<\/li>\n<\/ul>\n\t\t\t\t\t\t\t\t<\/div>\n\t\t\t\t<\/div>\n\t\t\t\t<section class=\"elementor-section elementor-inner-section elementor-element elementor-element-080ddf4 elementor-section-boxed elementor-section-height-default elementor-section-height-default\" data-id=\"080ddf4\" data-element_type=\"section\" data-e-type=\"section\" data-settings=\"{&quot;background_background&quot;:&quot;classic&quot;}\">\n\t\t\t\t\t\t<div class=\"elementor-container elementor-column-gap-default\">\n\t\t\t\t\t<div class=\"elementor-column elementor-col-50 elementor-inner-column elementor-element elementor-element-0ff869f\" data-id=\"0ff869f\" data-element_type=\"column\" data-e-type=\"column\">\n\t\t\t<div class=\"elementor-widget-wrap elementor-element-populated\">\n\t\t\t\t\t\t<div class=\"elementor-element elementor-element-5a02b21 elementor-widget elementor-widget-image\" data-id=\"5a02b21\" data-element_type=\"widget\" data-e-type=\"widget\" data-widget_type=\"image.default\">\n\t\t\t\t<div class=\"elementor-widget-container\">\n\t\t\t\t\t\t\t\t\t\t\t\t\t\t\t<img fetchpriority=\"high\" decoding=\"async\" width=\"1024\" height=\"1024\" src=\"https:\/\/profexdca.sk\/wp-content\/uploads\/2022\/08\/Dodavka-horizontalnej-vyvrtavacky-pre-TOS-Svitavy-1024x1024.jpg\" class=\"attachment-large size-large wp-image-1293\" alt=\"\" srcset=\"https:\/\/profexdca.sk\/wp-content\/uploads\/2022\/08\/Dodavka-horizontalnej-vyvrtavacky-pre-TOS-Svitavy-1024x1024.jpg 1024w, https:\/\/profexdca.sk\/wp-content\/uploads\/2022\/08\/Dodavka-horizontalnej-vyvrtavacky-pre-TOS-Svitavy-300x300.jpg 300w, https:\/\/profexdca.sk\/wp-content\/uploads\/2022\/08\/Dodavka-horizontalnej-vyvrtavacky-pre-TOS-Svitavy-150x150.jpg 150w, https:\/\/profexdca.sk\/wp-content\/uploads\/2022\/08\/Dodavka-horizontalnej-vyvrtavacky-pre-TOS-Svitavy-768x768.jpg 768w, https:\/\/profexdca.sk\/wp-content\/uploads\/2022\/08\/Dodavka-horizontalnej-vyvrtavacky-pre-TOS-Svitavy-1536x1536.jpg 1536w, https:\/\/profexdca.sk\/wp-content\/uploads\/2022\/08\/Dodavka-horizontalnej-vyvrtavacky-pre-TOS-Svitavy-2048x2048.jpg 2048w\" sizes=\"(max-width: 1024px) 100vw, 1024px\" \/>\t\t\t\t\t\t\t\t\t\t\t\t\t\t\t<\/div>\n\t\t\t\t<\/div>\n\t\t\t\t<div class=\"elementor-element elementor-element-b2e5cfc elementor-widget elementor-widget-text-editor\" data-id=\"b2e5cfc\" data-element_type=\"widget\" data-e-type=\"widget\" data-widget_type=\"text-editor.default\">\n\t\t\t\t<div class=\"elementor-widget-container\">\n\t\t\t\t\t\t\t\t\t<p style=\"text-align: center;\">typical scope of modernization &#8211; Horizontal boring machine<\/p>\n\t\t\t\t\t\t\t\t<\/div>\n\t\t\t\t<\/div>\n\t\t\t\t\t<\/div>\n\t\t<\/div>\n\t\t\t\t<div class=\"elementor-column elementor-col-50 elementor-inner-column elementor-element elementor-element-ef532ce\" data-id=\"ef532ce\" data-element_type=\"column\" data-e-type=\"column\">\n\t\t\t<div class=\"elementor-widget-wrap elementor-element-populated\">\n\t\t\t\t\t\t<div class=\"elementor-element elementor-element-2a279d4 elementor-widget elementor-widget-image\" data-id=\"2a279d4\" data-element_type=\"widget\" data-e-type=\"widget\" data-widget_type=\"image.default\">\n\t\t\t\t<div class=\"elementor-widget-container\">\n\t\t\t\t\t\t\t\t\t\t\t\t\t\t\t<img decoding=\"async\" width=\"1024\" height=\"1024\" src=\"https:\/\/profexdca.sk\/wp-content\/uploads\/2023\/02\/Generalna-oprava-hydraulickeho-lisu-1024x1024.jpg\" class=\"attachment-large size-large wp-image-1588\" alt=\"\" srcset=\"https:\/\/profexdca.sk\/wp-content\/uploads\/2023\/02\/Generalna-oprava-hydraulickeho-lisu-1024x1024.jpg 1024w, https:\/\/profexdca.sk\/wp-content\/uploads\/2023\/02\/Generalna-oprava-hydraulickeho-lisu-300x300.jpg 300w, https:\/\/profexdca.sk\/wp-content\/uploads\/2023\/02\/Generalna-oprava-hydraulickeho-lisu-150x150.jpg 150w, https:\/\/profexdca.sk\/wp-content\/uploads\/2023\/02\/Generalna-oprava-hydraulickeho-lisu-768x768.jpg 768w, https:\/\/profexdca.sk\/wp-content\/uploads\/2023\/02\/Generalna-oprava-hydraulickeho-lisu-1536x1536.jpg 1536w, https:\/\/profexdca.sk\/wp-content\/uploads\/2023\/02\/Generalna-oprava-hydraulickeho-lisu-2048x2048.jpg 2048w\" sizes=\"(max-width: 1024px) 100vw, 1024px\" \/>\t\t\t\t\t\t\t\t\t\t\t\t\t\t\t<\/div>\n\t\t\t\t<\/div>\n\t\t\t\t<div class=\"elementor-element elementor-element-0a9bca8 elementor-widget elementor-widget-text-editor\" data-id=\"0a9bca8\" data-element_type=\"widget\" data-e-type=\"widget\" data-widget_type=\"text-editor.default\">\n\t\t\t\t<div class=\"elementor-widget-container\">\n\t\t\t\t\t\t\t\t\t<p style=\"text-align: center;\">typical scope of modernization &#8211; Hydraulic press<\/p>\n\t\t\t\t\t\t\t\t<\/div>\n\t\t\t\t<\/div>\n\t\t\t\t\t<\/div>\n\t\t<\/div>\n\t\t\t\t\t<\/div>\n\t\t<\/section>\n\t\t\t\t\t<\/div>\n\t\t<\/div>\n\t\t\t\t\t<\/div>\n\t\t<\/section>\n\t\t\t\t<\/div>\n\t\t","protected":false},"excerpt":{"rendered":"<p>general overhaul PROFEX offers overhauls and upgrades of mechanical, electrical and CNC sections of machines and production lines, in order to offer a more economically viable alternative than buying a new machine, while maintaining the required technical parameters. The result of the overhaul and modernization is a machine delivered just like a new machine, with [&hellip;]<\/p>\n","protected":false},"author":1,"featured_media":0,"parent":1697,"menu_order":0,"comment_status":"closed","ping_status":"closed","template":"","meta":{"ngg_post_thumbnail":0,"footnotes":""},"class_list":["post-1706","page","type-page","status-publish","hentry"],"blocksy_meta":{"styles_descriptor":{"styles":{"desktop":"","tablet":"","mobile":""},"google_fonts":[],"version":6}},"yoast_head":"<!-- This site is optimized with the Yoast SEO plugin v26.9 - https:\/\/yoast.com\/product\/yoast-seo-wordpress\/ -->\n<title>General overhauls and modernisation - Profex dca<\/title>\n<meta name=\"description\" content=\"S\u0165ahovanie strojov, Gener\u00e1lne opravy, Horizont\u00e1lna vyvrt\u00e1va\u010dka, Servis strojov\" \/>\n<meta name=\"robots\" content=\"index, follow, max-snippet:-1, max-image-preview:large, max-video-preview:-1\" \/>\n<link rel=\"canonical\" href=\"https:\/\/profexdca.sk\/en\/services\/overhauls-and-upgrades\/\" \/>\n<meta property=\"og:locale\" content=\"en_US\" \/>\n<meta property=\"og:type\" content=\"article\" \/>\n<meta property=\"og:title\" content=\"General overhauls and modernisation - Profex dca\" \/>\n<meta property=\"og:description\" content=\"S\u0165ahovanie strojov, Gener\u00e1lne opravy, Horizont\u00e1lna vyvrt\u00e1va\u010dka, Servis strojov\" \/>\n<meta property=\"og:url\" content=\"https:\/\/profexdca.sk\/en\/services\/overhauls-and-upgrades\/\" \/>\n<meta property=\"og:site_name\" content=\"Profex dca\" \/>\n<meta property=\"article:modified_time\" content=\"2023-03-17T12:03:22+00:00\" \/>\n<meta property=\"og:image\" content=\"https:\/\/profexdca.sk\/wp-content\/uploads\/2022\/08\/Dodavka-horizontalnej-vyvrtavacky-pre-TOS-Svitavy-1024x1024.jpg\" \/>\n<meta name=\"twitter:card\" content=\"summary_large_image\" \/>\n<meta name=\"twitter:label1\" content=\"Est. reading time\" \/>\n\t<meta name=\"twitter:data1\" content=\"1 minute\" \/>\n<script type=\"application\/ld+json\" class=\"yoast-schema-graph\">{\"@context\":\"https:\/\/schema.org\",\"@graph\":[{\"@type\":\"WebPage\",\"@id\":\"https:\/\/profexdca.sk\/en\/services\/overhauls-and-upgrades\/\",\"url\":\"https:\/\/profexdca.sk\/en\/services\/overhauls-and-upgrades\/\",\"name\":\"General overhauls and modernisation - Profex dca\",\"isPartOf\":{\"@id\":\"https:\/\/profexdca.sk\/#website\"},\"primaryImageOfPage\":{\"@id\":\"https:\/\/profexdca.sk\/en\/services\/overhauls-and-upgrades\/#primaryimage\"},\"image\":{\"@id\":\"https:\/\/profexdca.sk\/en\/services\/overhauls-and-upgrades\/#primaryimage\"},\"thumbnailUrl\":\"https:\/\/profexdca.sk\/wp-content\/uploads\/2022\/08\/Dodavka-horizontalnej-vyvrtavacky-pre-TOS-Svitavy-1024x1024.jpg\",\"datePublished\":\"2022-07-19T07:02:53+00:00\",\"dateModified\":\"2023-03-17T12:03:22+00:00\",\"description\":\"S\u0165ahovanie strojov, Gener\u00e1lne opravy, Horizont\u00e1lna vyvrt\u00e1va\u010dka, Servis strojov\",\"breadcrumb\":{\"@id\":\"https:\/\/profexdca.sk\/en\/services\/overhauls-and-upgrades\/#breadcrumb\"},\"inLanguage\":\"en-US\",\"potentialAction\":[{\"@type\":\"ReadAction\",\"target\":[\"https:\/\/profexdca.sk\/en\/services\/overhauls-and-upgrades\/\"]}]},{\"@type\":\"ImageObject\",\"inLanguage\":\"en-US\",\"@id\":\"https:\/\/profexdca.sk\/en\/services\/overhauls-and-upgrades\/#primaryimage\",\"url\":\"https:\/\/profexdca.sk\/wp-content\/uploads\/2022\/08\/Dodavka-horizontalnej-vyvrtavacky-pre-TOS-Svitavy-1024x1024.jpg\",\"contentUrl\":\"https:\/\/profexdca.sk\/wp-content\/uploads\/2022\/08\/Dodavka-horizontalnej-vyvrtavacky-pre-TOS-Svitavy-1024x1024.jpg\"},{\"@type\":\"BreadcrumbList\",\"@id\":\"https:\/\/profexdca.sk\/en\/services\/overhauls-and-upgrades\/#breadcrumb\",\"itemListElement\":[{\"@type\":\"ListItem\",\"position\":1,\"name\":\"Domovsk\u00e1 str\u00e1nka\",\"item\":\"https:\/\/profexdca.sk\/en\/\"},{\"@type\":\"ListItem\",\"position\":2,\"name\":\"Services\",\"item\":\"https:\/\/profexdca.sk\/en\/services\/\"},{\"@type\":\"ListItem\",\"position\":3,\"name\":\"General overhauls and modernisation\"}]},{\"@type\":\"WebSite\",\"@id\":\"https:\/\/profexdca.sk\/#website\",\"url\":\"https:\/\/profexdca.sk\/\",\"name\":\"Profex dca\",\"description\":\"Repair and modernisation of larger machine tools\",\"publisher\":{\"@id\":\"https:\/\/profexdca.sk\/#organization\"},\"potentialAction\":[{\"@type\":\"SearchAction\",\"target\":{\"@type\":\"EntryPoint\",\"urlTemplate\":\"https:\/\/profexdca.sk\/?s={search_term_string}\"},\"query-input\":{\"@type\":\"PropertyValueSpecification\",\"valueRequired\":true,\"valueName\":\"search_term_string\"}}],\"inLanguage\":\"en-US\"},{\"@type\":\"Organization\",\"@id\":\"https:\/\/profexdca.sk\/#organization\",\"name\":\"Profex dca\",\"url\":\"https:\/\/profexdca.sk\/\",\"logo\":{\"@type\":\"ImageObject\",\"inLanguage\":\"en-US\",\"@id\":\"https:\/\/profexdca.sk\/#\/schema\/logo\/image\/\",\"url\":\"https:\/\/profexdca.sk\/wp-content\/uploads\/2022\/07\/profex-logo.png\",\"contentUrl\":\"https:\/\/profexdca.sk\/wp-content\/uploads\/2022\/07\/profex-logo.png\",\"width\":400,\"height\":90,\"caption\":\"Profex dca\"},\"image\":{\"@id\":\"https:\/\/profexdca.sk\/#\/schema\/logo\/image\/\"}}]}<\/script>\n<!-- \/ Yoast SEO plugin. -->","yoast_head_json":{"title":"General overhauls and modernisation - Profex dca","description":"S\u0165ahovanie strojov, Gener\u00e1lne opravy, Horizont\u00e1lna vyvrt\u00e1va\u010dka, Servis strojov","robots":{"index":"index","follow":"follow","max-snippet":"max-snippet:-1","max-image-preview":"max-image-preview:large","max-video-preview":"max-video-preview:-1"},"canonical":"https:\/\/profexdca.sk\/en\/services\/overhauls-and-upgrades\/","og_locale":"en_US","og_type":"article","og_title":"General overhauls and modernisation - Profex dca","og_description":"S\u0165ahovanie strojov, Gener\u00e1lne opravy, Horizont\u00e1lna vyvrt\u00e1va\u010dka, Servis strojov","og_url":"https:\/\/profexdca.sk\/en\/services\/overhauls-and-upgrades\/","og_site_name":"Profex dca","article_modified_time":"2023-03-17T12:03:22+00:00","og_image":[{"url":"https:\/\/profexdca.sk\/wp-content\/uploads\/2022\/08\/Dodavka-horizontalnej-vyvrtavacky-pre-TOS-Svitavy-1024x1024.jpg","type":"","width":"","height":""}],"twitter_card":"summary_large_image","twitter_misc":{"Est. reading time":"1 minute"},"schema":{"@context":"https:\/\/schema.org","@graph":[{"@type":"WebPage","@id":"https:\/\/profexdca.sk\/en\/services\/overhauls-and-upgrades\/","url":"https:\/\/profexdca.sk\/en\/services\/overhauls-and-upgrades\/","name":"General overhauls and modernisation - Profex dca","isPartOf":{"@id":"https:\/\/profexdca.sk\/#website"},"primaryImageOfPage":{"@id":"https:\/\/profexdca.sk\/en\/services\/overhauls-and-upgrades\/#primaryimage"},"image":{"@id":"https:\/\/profexdca.sk\/en\/services\/overhauls-and-upgrades\/#primaryimage"},"thumbnailUrl":"https:\/\/profexdca.sk\/wp-content\/uploads\/2022\/08\/Dodavka-horizontalnej-vyvrtavacky-pre-TOS-Svitavy-1024x1024.jpg","datePublished":"2022-07-19T07:02:53+00:00","dateModified":"2023-03-17T12:03:22+00:00","description":"S\u0165ahovanie strojov, Gener\u00e1lne opravy, Horizont\u00e1lna vyvrt\u00e1va\u010dka, Servis strojov","breadcrumb":{"@id":"https:\/\/profexdca.sk\/en\/services\/overhauls-and-upgrades\/#breadcrumb"},"inLanguage":"en-US","potentialAction":[{"@type":"ReadAction","target":["https:\/\/profexdca.sk\/en\/services\/overhauls-and-upgrades\/"]}]},{"@type":"ImageObject","inLanguage":"en-US","@id":"https:\/\/profexdca.sk\/en\/services\/overhauls-and-upgrades\/#primaryimage","url":"https:\/\/profexdca.sk\/wp-content\/uploads\/2022\/08\/Dodavka-horizontalnej-vyvrtavacky-pre-TOS-Svitavy-1024x1024.jpg","contentUrl":"https:\/\/profexdca.sk\/wp-content\/uploads\/2022\/08\/Dodavka-horizontalnej-vyvrtavacky-pre-TOS-Svitavy-1024x1024.jpg"},{"@type":"BreadcrumbList","@id":"https:\/\/profexdca.sk\/en\/services\/overhauls-and-upgrades\/#breadcrumb","itemListElement":[{"@type":"ListItem","position":1,"name":"Domovsk\u00e1 str\u00e1nka","item":"https:\/\/profexdca.sk\/en\/"},{"@type":"ListItem","position":2,"name":"Services","item":"https:\/\/profexdca.sk\/en\/services\/"},{"@type":"ListItem","position":3,"name":"General overhauls and modernisation"}]},{"@type":"WebSite","@id":"https:\/\/profexdca.sk\/#website","url":"https:\/\/profexdca.sk\/","name":"Profex dca","description":"Repair and modernisation of larger machine tools","publisher":{"@id":"https:\/\/profexdca.sk\/#organization"},"potentialAction":[{"@type":"SearchAction","target":{"@type":"EntryPoint","urlTemplate":"https:\/\/profexdca.sk\/?s={search_term_string}"},"query-input":{"@type":"PropertyValueSpecification","valueRequired":true,"valueName":"search_term_string"}}],"inLanguage":"en-US"},{"@type":"Organization","@id":"https:\/\/profexdca.sk\/#organization","name":"Profex dca","url":"https:\/\/profexdca.sk\/","logo":{"@type":"ImageObject","inLanguage":"en-US","@id":"https:\/\/profexdca.sk\/#\/schema\/logo\/image\/","url":"https:\/\/profexdca.sk\/wp-content\/uploads\/2022\/07\/profex-logo.png","contentUrl":"https:\/\/profexdca.sk\/wp-content\/uploads\/2022\/07\/profex-logo.png","width":400,"height":90,"caption":"Profex dca"},"image":{"@id":"https:\/\/profexdca.sk\/#\/schema\/logo\/image\/"}}]}},"_links":{"self":[{"href":"https:\/\/profexdca.sk\/en\/wp-json\/wp\/v2\/pages\/1706","targetHints":{"allow":["GET"]}}],"collection":[{"href":"https:\/\/profexdca.sk\/en\/wp-json\/wp\/v2\/pages"}],"about":[{"href":"https:\/\/profexdca.sk\/en\/wp-json\/wp\/v2\/types\/page"}],"author":[{"embeddable":true,"href":"https:\/\/profexdca.sk\/en\/wp-json\/wp\/v2\/users\/1"}],"replies":[{"embeddable":true,"href":"https:\/\/profexdca.sk\/en\/wp-json\/wp\/v2\/comments?post=1706"}],"version-history":[{"count":20,"href":"https:\/\/profexdca.sk\/en\/wp-json\/wp\/v2\/pages\/1706\/revisions"}],"predecessor-version":[{"id":1968,"href":"https:\/\/profexdca.sk\/en\/wp-json\/wp\/v2\/pages\/1706\/revisions\/1968"}],"up":[{"embeddable":true,"href":"https:\/\/profexdca.sk\/en\/wp-json\/wp\/v2\/pages\/1697"}],"wp:attachment":[{"href":"https:\/\/profexdca.sk\/en\/wp-json\/wp\/v2\/media?parent=1706"}],"curies":[{"name":"wp","href":"https:\/\/api.w.org\/{rel}","templated":true}]}}