{"id":1702,"date":"2022-07-22T10:18:02","date_gmt":"2022-07-22T08:18:02","guid":{"rendered":"https:\/\/web.profexdca.sk\/services\/moving-machinery-and-technology\/"},"modified":"2023-03-17T12:59:15","modified_gmt":"2023-03-17T11:59:15","slug":"moving-machinery-and-technology","status":"publish","type":"page","link":"https:\/\/profexdca.sk\/en\/services\/moving-machinery-and-technology\/","title":{"rendered":"MACHINE TOOLS MOVING"},"content":{"rendered":"\t\t<div data-elementor-type=\"wp-page\" data-elementor-id=\"1702\" class=\"elementor elementor-1702 elementor-692\">\n\t\t\t\t\t\t<section class=\"elementor-section elementor-top-section elementor-element elementor-element-70eb4ea elementor-section-boxed elementor-section-height-default elementor-section-height-default\" data-id=\"70eb4ea\" data-element_type=\"section\" data-e-type=\"section\">\n\t\t\t\t\t\t<div class=\"elementor-container elementor-column-gap-default\">\n\t\t\t\t\t<div class=\"elementor-column elementor-col-100 elementor-top-column elementor-element elementor-element-81d634b\" data-id=\"81d634b\" data-element_type=\"column\" data-e-type=\"column\">\n\t\t\t<div class=\"elementor-widget-wrap elementor-element-populated\">\n\t\t\t\t\t\t<div class=\"elementor-element elementor-element-d6ca958 elementor-widget elementor-widget-text-editor\" data-id=\"d6ca958\" data-element_type=\"widget\" data-e-type=\"widget\" data-widget_type=\"text-editor.default\">\n\t\t\t\t<div class=\"elementor-widget-container\">\n\t\t\t\t\t\t\t\t\t<p>PROFEX offers complete and hassle free relocation solution for you machine tools moving projects<\/p>\n<ul>\n<li>Dismantling and re-assembly of machines, production lines and production technologies<\/li>\n<li>Dismantling and re-assembly of horizontal boring machines, portal milling machines, vertical turret lathes, presses and other oversized machines and production equipment<\/li>\n<li>Cleaning of machine parts, LKW \/ overseas \/ oversize packing and loading<\/li>\n<li>LKW \/ overseas \/ oversize transport<\/li>\n<li>Unloading, moving and storage<\/li>\n<li>Anchoring and levelling of machines and production lines<\/li>\n<li>Adjusting of geometric accuracy of horizontal borers, vertical turret lathes, portal mills and other milling machines<\/li>\n<li>Repairs and regular maintenance<\/li>\n<li>Safety of technical equipment, production and supply of coverings<\/li>\n<li>Technical safety, safety coverings, certification<\/li>\n<\/ul>\n\t\t\t\t\t\t\t\t<\/div>\n\t\t\t\t<\/div>\n\t\t\t\t<div class=\"elementor-element elementor-element-abc6e58 elementor-widget elementor-widget-spacer\" data-id=\"abc6e58\" data-element_type=\"widget\" data-e-type=\"widget\" data-widget_type=\"spacer.default\">\n\t\t\t\t<div class=\"elementor-widget-container\">\n\t\t\t\t\t\t\t<div class=\"elementor-spacer\">\n\t\t\t<div class=\"elementor-spacer-inner\"><\/div>\n\t\t<\/div>\n\t\t\t\t\t\t<\/div>\n\t\t\t\t<\/div>\n\t\t\t\t\t<\/div>\n\t\t<\/div>\n\t\t\t\t\t<\/div>\n\t\t<\/section>\n\t\t\t\t<section class=\"elementor-section elementor-top-section elementor-element elementor-element-099d783 elementor-section-boxed elementor-section-height-default elementor-section-height-default\" data-id=\"099d783\" data-element_type=\"section\" data-e-type=\"section\" data-settings=\"{&quot;background_background&quot;:&quot;classic&quot;}\">\n\t\t\t\t\t\t<div class=\"elementor-container elementor-column-gap-default\">\n\t\t\t\t\t<div class=\"elementor-column elementor-col-100 elementor-top-column elementor-element elementor-element-b1dd8df\" data-id=\"b1dd8df\" data-element_type=\"column\" data-e-type=\"column\">\n\t\t\t<div class=\"elementor-widget-wrap elementor-element-populated\">\n\t\t\t\t\t\t<div class=\"elementor-element elementor-element-c8e57cb elementor-widget elementor-widget-text-editor\" data-id=\"c8e57cb\" data-element_type=\"widget\" data-e-type=\"widget\" data-widget_type=\"text-editor.default\">\n\t\t\t\t<div class=\"elementor-widget-container\">\n\t\t\t\t\t\t\t\t\tngg_shortcode_0_placeholder\n\t\t\t\t\t\t\t\t<\/div>\n\t\t\t\t<\/div>\n\t\t\t\t\t<\/div>\n\t\t<\/div>\n\t\t\t\t\t<\/div>\n\t\t<\/section>\n\t\t\t\t<\/div>\n\t\t","protected":false},"excerpt":{"rendered":"<p>PROFEX offers complete and hassle free relocation solution for you machine tools moving projects Dismantling and re-assembly of machines, production lines and production technologies Dismantling and re-assembly of horizontal boring machines, portal milling machines, vertical turret lathes, presses and other oversized machines and production equipment Cleaning of machine parts, LKW \/ overseas \/ oversize packing [&hellip;]<\/p>\n","protected":false},"author":1,"featured_media":0,"parent":1697,"menu_order":0,"comment_status":"closed","ping_status":"closed","template":"","meta":{"ngg_post_thumbnail":0,"footnotes":""},"class_list":["post-1702","page","type-page","status-publish","hentry"],"blocksy_meta":{"styles_descriptor":{"styles":{"desktop":"","tablet":"","mobile":""},"google_fonts":[],"version":6}},"yoast_head":"<!-- This site is optimized with the Yoast SEO plugin v26.9 - https:\/\/yoast.com\/product\/yoast-seo-wordpress\/ -->\n<title>MACHINE TOOLS MOVING - Profex dca<\/title>\n<meta name=\"description\" content=\"S\u0165ahovanie strojov, Gener\u00e1lne opravy, Horizont\u00e1lna vyvrt\u00e1va\u010dka, Servis strojov\" \/>\n<meta name=\"robots\" content=\"index, follow, max-snippet:-1, max-image-preview:large, max-video-preview:-1\" \/>\n<link rel=\"canonical\" href=\"https:\/\/profexdca.sk\/en\/services\/moving-machinery-and-technology\/\" \/>\n<meta property=\"og:locale\" content=\"en_US\" \/>\n<meta property=\"og:type\" content=\"article\" \/>\n<meta property=\"og:title\" content=\"MACHINE TOOLS MOVING - Profex dca\" \/>\n<meta property=\"og:description\" content=\"S\u0165ahovanie strojov, Gener\u00e1lne opravy, Horizont\u00e1lna vyvrt\u00e1va\u010dka, Servis strojov\" \/>\n<meta property=\"og:url\" content=\"https:\/\/profexdca.sk\/en\/services\/moving-machinery-and-technology\/\" \/>\n<meta property=\"og:site_name\" content=\"Profex dca\" \/>\n<meta property=\"article:modified_time\" content=\"2023-03-17T11:59:15+00:00\" \/>\n<meta name=\"twitter:card\" content=\"summary_large_image\" \/>\n<meta name=\"twitter:label1\" content=\"Est. reading time\" \/>\n\t<meta name=\"twitter:data1\" content=\"1 minute\" \/>\n<script type=\"application\/ld+json\" class=\"yoast-schema-graph\">{\"@context\":\"https:\/\/schema.org\",\"@graph\":[{\"@type\":\"WebPage\",\"@id\":\"https:\/\/profexdca.sk\/en\/services\/moving-machinery-and-technology\/\",\"url\":\"https:\/\/profexdca.sk\/en\/services\/moving-machinery-and-technology\/\",\"name\":\"MACHINE TOOLS MOVING - Profex dca\",\"isPartOf\":{\"@id\":\"https:\/\/profexdca.sk\/#website\"},\"datePublished\":\"2022-07-22T08:18:02+00:00\",\"dateModified\":\"2023-03-17T11:59:15+00:00\",\"description\":\"S\u0165ahovanie strojov, Gener\u00e1lne opravy, Horizont\u00e1lna vyvrt\u00e1va\u010dka, Servis strojov\",\"breadcrumb\":{\"@id\":\"https:\/\/profexdca.sk\/en\/services\/moving-machinery-and-technology\/#breadcrumb\"},\"inLanguage\":\"en-US\",\"potentialAction\":[{\"@type\":\"ReadAction\",\"target\":[\"https:\/\/profexdca.sk\/en\/services\/moving-machinery-and-technology\/\"]}]},{\"@type\":\"BreadcrumbList\",\"@id\":\"https:\/\/profexdca.sk\/en\/services\/moving-machinery-and-technology\/#breadcrumb\",\"itemListElement\":[{\"@type\":\"ListItem\",\"position\":1,\"name\":\"Domovsk\u00e1 str\u00e1nka\",\"item\":\"https:\/\/profexdca.sk\/en\/\"},{\"@type\":\"ListItem\",\"position\":2,\"name\":\"Services\",\"item\":\"https:\/\/profexdca.sk\/en\/services\/\"},{\"@type\":\"ListItem\",\"position\":3,\"name\":\"MACHINE TOOLS MOVING\"}]},{\"@type\":\"WebSite\",\"@id\":\"https:\/\/profexdca.sk\/#website\",\"url\":\"https:\/\/profexdca.sk\/\",\"name\":\"Profex dca\",\"description\":\"Repair and modernisation of larger machine tools\",\"publisher\":{\"@id\":\"https:\/\/profexdca.sk\/#organization\"},\"potentialAction\":[{\"@type\":\"SearchAction\",\"target\":{\"@type\":\"EntryPoint\",\"urlTemplate\":\"https:\/\/profexdca.sk\/?s={search_term_string}\"},\"query-input\":{\"@type\":\"PropertyValueSpecification\",\"valueRequired\":true,\"valueName\":\"search_term_string\"}}],\"inLanguage\":\"en-US\"},{\"@type\":\"Organization\",\"@id\":\"https:\/\/profexdca.sk\/#organization\",\"name\":\"Profex dca\",\"url\":\"https:\/\/profexdca.sk\/\",\"logo\":{\"@type\":\"ImageObject\",\"inLanguage\":\"en-US\",\"@id\":\"https:\/\/profexdca.sk\/#\/schema\/logo\/image\/\",\"url\":\"https:\/\/profexdca.sk\/wp-content\/uploads\/2022\/07\/profex-logo.png\",\"contentUrl\":\"https:\/\/profexdca.sk\/wp-content\/uploads\/2022\/07\/profex-logo.png\",\"width\":400,\"height\":90,\"caption\":\"Profex dca\"},\"image\":{\"@id\":\"https:\/\/profexdca.sk\/#\/schema\/logo\/image\/\"}}]}<\/script>\n<!-- \/ Yoast SEO plugin. -->","yoast_head_json":{"title":"MACHINE TOOLS MOVING - Profex dca","description":"S\u0165ahovanie strojov, Gener\u00e1lne opravy, Horizont\u00e1lna vyvrt\u00e1va\u010dka, Servis strojov","robots":{"index":"index","follow":"follow","max-snippet":"max-snippet:-1","max-image-preview":"max-image-preview:large","max-video-preview":"max-video-preview:-1"},"canonical":"https:\/\/profexdca.sk\/en\/services\/moving-machinery-and-technology\/","og_locale":"en_US","og_type":"article","og_title":"MACHINE TOOLS MOVING - Profex dca","og_description":"S\u0165ahovanie strojov, Gener\u00e1lne opravy, Horizont\u00e1lna vyvrt\u00e1va\u010dka, Servis strojov","og_url":"https:\/\/profexdca.sk\/en\/services\/moving-machinery-and-technology\/","og_site_name":"Profex dca","article_modified_time":"2023-03-17T11:59:15+00:00","twitter_card":"summary_large_image","twitter_misc":{"Est. reading time":"1 minute"},"schema":{"@context":"https:\/\/schema.org","@graph":[{"@type":"WebPage","@id":"https:\/\/profexdca.sk\/en\/services\/moving-machinery-and-technology\/","url":"https:\/\/profexdca.sk\/en\/services\/moving-machinery-and-technology\/","name":"MACHINE TOOLS MOVING - Profex dca","isPartOf":{"@id":"https:\/\/profexdca.sk\/#website"},"datePublished":"2022-07-22T08:18:02+00:00","dateModified":"2023-03-17T11:59:15+00:00","description":"S\u0165ahovanie strojov, Gener\u00e1lne opravy, Horizont\u00e1lna vyvrt\u00e1va\u010dka, Servis strojov","breadcrumb":{"@id":"https:\/\/profexdca.sk\/en\/services\/moving-machinery-and-technology\/#breadcrumb"},"inLanguage":"en-US","potentialAction":[{"@type":"ReadAction","target":["https:\/\/profexdca.sk\/en\/services\/moving-machinery-and-technology\/"]}]},{"@type":"BreadcrumbList","@id":"https:\/\/profexdca.sk\/en\/services\/moving-machinery-and-technology\/#breadcrumb","itemListElement":[{"@type":"ListItem","position":1,"name":"Domovsk\u00e1 str\u00e1nka","item":"https:\/\/profexdca.sk\/en\/"},{"@type":"ListItem","position":2,"name":"Services","item":"https:\/\/profexdca.sk\/en\/services\/"},{"@type":"ListItem","position":3,"name":"MACHINE TOOLS MOVING"}]},{"@type":"WebSite","@id":"https:\/\/profexdca.sk\/#website","url":"https:\/\/profexdca.sk\/","name":"Profex dca","description":"Repair and modernisation of larger machine tools","publisher":{"@id":"https:\/\/profexdca.sk\/#organization"},"potentialAction":[{"@type":"SearchAction","target":{"@type":"EntryPoint","urlTemplate":"https:\/\/profexdca.sk\/?s={search_term_string}"},"query-input":{"@type":"PropertyValueSpecification","valueRequired":true,"valueName":"search_term_string"}}],"inLanguage":"en-US"},{"@type":"Organization","@id":"https:\/\/profexdca.sk\/#organization","name":"Profex dca","url":"https:\/\/profexdca.sk\/","logo":{"@type":"ImageObject","inLanguage":"en-US","@id":"https:\/\/profexdca.sk\/#\/schema\/logo\/image\/","url":"https:\/\/profexdca.sk\/wp-content\/uploads\/2022\/07\/profex-logo.png","contentUrl":"https:\/\/profexdca.sk\/wp-content\/uploads\/2022\/07\/profex-logo.png","width":400,"height":90,"caption":"Profex dca"},"image":{"@id":"https:\/\/profexdca.sk\/#\/schema\/logo\/image\/"}}]}},"_links":{"self":[{"href":"https:\/\/profexdca.sk\/en\/wp-json\/wp\/v2\/pages\/1702","targetHints":{"allow":["GET"]}}],"collection":[{"href":"https:\/\/profexdca.sk\/en\/wp-json\/wp\/v2\/pages"}],"about":[{"href":"https:\/\/profexdca.sk\/en\/wp-json\/wp\/v2\/types\/page"}],"author":[{"embeddable":true,"href":"https:\/\/profexdca.sk\/en\/wp-json\/wp\/v2\/users\/1"}],"replies":[{"embeddable":true,"href":"https:\/\/profexdca.sk\/en\/wp-json\/wp\/v2\/comments?post=1702"}],"version-history":[{"count":4,"href":"https:\/\/profexdca.sk\/en\/wp-json\/wp\/v2\/pages\/1702\/revisions"}],"predecessor-version":[{"id":1889,"href":"https:\/\/profexdca.sk\/en\/wp-json\/wp\/v2\/pages\/1702\/revisions\/1889"}],"up":[{"embeddable":true,"href":"https:\/\/profexdca.sk\/en\/wp-json\/wp\/v2\/pages\/1697"}],"wp:attachment":[{"href":"https:\/\/profexdca.sk\/en\/wp-json\/wp\/v2\/media?parent=1702"}],"curies":[{"name":"wp","href":"https:\/\/api.w.org\/{rel}","templated":true}]}}