{"id":1700,"date":"2022-08-23T21:56:58","date_gmt":"2022-08-23T19:56:58","guid":{"rendered":"https:\/\/web.profexdca.sk\/services\/servicing-of-machines-at-the-customers-site\/"},"modified":"2023-03-13T08:58:43","modified_gmt":"2023-03-13T07:58:43","slug":"servicing-of-machines-at-the-customers-site","status":"publish","type":"page","link":"https:\/\/profexdca.sk\/en\/services\/servicing-of-machines-at-the-customers-site\/","title":{"rendered":"REPAIRS AND MAINTENACE"},"content":{"rendered":"\t\t<div data-elementor-type=\"wp-page\" data-elementor-id=\"1700\" class=\"elementor elementor-1700 elementor-1106\">\n\t\t\t\t\t\t<section class=\"elementor-section elementor-top-section elementor-element elementor-element-cf29ec1 elementor-section-boxed elementor-section-height-default elementor-section-height-default\" data-id=\"cf29ec1\" data-element_type=\"section\" data-e-type=\"section\">\n\t\t\t\t\t\t<div class=\"elementor-container elementor-column-gap-default\">\n\t\t\t\t\t<div class=\"elementor-column elementor-col-100 elementor-top-column elementor-element elementor-element-c57d857\" data-id=\"c57d857\" data-element_type=\"column\" data-e-type=\"column\">\n\t\t\t<div class=\"elementor-widget-wrap elementor-element-populated\">\n\t\t\t\t\t\t<div class=\"elementor-element elementor-element-7111bb7 elementor-widget elementor-widget-text-editor\" data-id=\"7111bb7\" data-element_type=\"widget\" data-e-type=\"widget\" data-widget_type=\"text-editor.default\">\n\t\t\t\t<div class=\"elementor-widget-container\">\n\t\t\t\t\t\t\t\t\t<p>PROFEX provides repairs and maintenance services with aim quickly and qualitatively solve arisen issues and minimize further production failures<\/p>\n\t\t\t\t\t\t\t\t<\/div>\n\t\t\t\t<\/div>\n\t\t\t\t<div class=\"elementor-element elementor-element-36894c4 elementor-widget elementor-widget-text-editor\" data-id=\"36894c4\" data-element_type=\"widget\" data-e-type=\"widget\" data-widget_type=\"text-editor.default\">\n\t\t\t\t<div class=\"elementor-widget-container\">\n\t\t\t\t\t\t\t\t\t<ul>\n<li>Repairs of conventional machine tools<\/li>\n<li>Repairs of CNC and forming machines<\/li>\n<li>Delivery and replacement of spare parts<\/li>\n<li>Adjusting of the geometric accuracy of horizontal borers, vertical borers, portal mills and other milling machines<\/li>\n<li>Repairs of guide ways and geometric accuracy of machine tools<\/li>\n<li>Measuring and settings of circular interpolation of CNC machine with Renishaw ball-bar system<\/li>\n<li>Measuring and compensating the positioning accuracy with the Renishaw laser XL-80 system<\/li>\n<li>Regular maintenance<\/li>\n<\/ul>\n\t\t\t\t\t\t\t\t<\/div>\n\t\t\t\t<\/div>\n\t\t\t\t<div class=\"elementor-element elementor-element-85812f2 elementor-widget elementor-widget-image-gallery\" data-id=\"85812f2\" data-element_type=\"widget\" data-e-type=\"widget\" data-widget_type=\"image-gallery.default\">\n\t\t\t\t<div class=\"elementor-widget-container\">\n\t\t\t\t\t\t\t<div class=\"elementor-image-gallery\">\n\t\t\t<div id='gallery-1' class='gallery galleryid-1700 gallery-columns-4 gallery-size-medium'><figure class='gallery-item'>\n\t\t\t<div class='gallery-icon landscape'>\n\t\t\t\t<a  href='https:\/\/profexdca.sk\/wp-content\/uploads\/2022\/08\/Servis-strojov-u-zakaznika.jpg'><img fetchpriority=\"high\" decoding=\"async\" width=\"300\" height=\"300\" src=\"https:\/\/profexdca.sk\/wp-content\/uploads\/2022\/08\/Servis-strojov-u-zakaznika-300x300.jpg\" class=\"attachment-medium size-medium\" alt=\"\" srcset=\"https:\/\/profexdca.sk\/wp-content\/uploads\/2022\/08\/Servis-strojov-u-zakaznika-300x300.jpg 300w, https:\/\/profexdca.sk\/wp-content\/uploads\/2022\/08\/Servis-strojov-u-zakaznika-150x150.jpg 150w, https:\/\/profexdca.sk\/wp-content\/uploads\/2022\/08\/Servis-strojov-u-zakaznika-768x768.jpg 768w, https:\/\/profexdca.sk\/wp-content\/uploads\/2022\/08\/Servis-strojov-u-zakaznika.jpg 937w\" sizes=\"(max-width: 300px) 100vw, 300px\" \/><\/a>\n\t\t\t<\/div><\/figure><figure class='gallery-item'>\n\t\t\t<div class='gallery-icon landscape'>\n\t\t\t\t<a  href='https:\/\/profexdca.sk\/wp-content\/uploads\/2022\/08\/Meranie-a-kalibracia-linearnych-pravitok-laserom-Renishaw-scaled.jpg'><img decoding=\"async\" width=\"300\" height=\"300\" src=\"https:\/\/profexdca.sk\/wp-content\/uploads\/2022\/08\/Meranie-a-kalibracia-linearnych-pravitok-laserom-Renishaw-300x300.jpg\" class=\"attachment-medium size-medium\" alt=\"\" srcset=\"https:\/\/profexdca.sk\/wp-content\/uploads\/2022\/08\/Meranie-a-kalibracia-linearnych-pravitok-laserom-Renishaw-300x300.jpg 300w, https:\/\/profexdca.sk\/wp-content\/uploads\/2022\/08\/Meranie-a-kalibracia-linearnych-pravitok-laserom-Renishaw-1024x1024.jpg 1024w, https:\/\/profexdca.sk\/wp-content\/uploads\/2022\/08\/Meranie-a-kalibracia-linearnych-pravitok-laserom-Renishaw-150x150.jpg 150w, https:\/\/profexdca.sk\/wp-content\/uploads\/2022\/08\/Meranie-a-kalibracia-linearnych-pravitok-laserom-Renishaw-768x768.jpg 768w, https:\/\/profexdca.sk\/wp-content\/uploads\/2022\/08\/Meranie-a-kalibracia-linearnych-pravitok-laserom-Renishaw-1536x1536.jpg 1536w, https:\/\/profexdca.sk\/wp-content\/uploads\/2022\/08\/Meranie-a-kalibracia-linearnych-pravitok-laserom-Renishaw-2048x2048.jpg 2048w\" sizes=\"(max-width: 300px) 100vw, 300px\" \/><\/a>\n\t\t\t<\/div><\/figure><figure class='gallery-item'>\n\t\t\t<div class='gallery-icon landscape'>\n\t\t\t\t<a  href='https:\/\/profexdca.sk\/wp-content\/uploads\/2022\/08\/Stahovanie-strojov-a-inych-zariadeni.jpg'><img decoding=\"async\" width=\"300\" height=\"300\" src=\"https:\/\/profexdca.sk\/wp-content\/uploads\/2022\/08\/Stahovanie-strojov-a-inych-zariadeni-300x300.jpg\" class=\"attachment-medium size-medium\" alt=\"\" srcset=\"https:\/\/profexdca.sk\/wp-content\/uploads\/2022\/08\/Stahovanie-strojov-a-inych-zariadeni-300x300.jpg 300w, https:\/\/profexdca.sk\/wp-content\/uploads\/2022\/08\/Stahovanie-strojov-a-inych-zariadeni-1024x1024.jpg 1024w, https:\/\/profexdca.sk\/wp-content\/uploads\/2022\/08\/Stahovanie-strojov-a-inych-zariadeni-150x150.jpg 150w, https:\/\/profexdca.sk\/wp-content\/uploads\/2022\/08\/Stahovanie-strojov-a-inych-zariadeni-768x768.jpg 768w, https:\/\/profexdca.sk\/wp-content\/uploads\/2022\/08\/Stahovanie-strojov-a-inych-zariadeni-1536x1536.jpg 1536w, https:\/\/profexdca.sk\/wp-content\/uploads\/2022\/08\/Stahovanie-strojov-a-inych-zariadeni.jpg 1607w\" sizes=\"(max-width: 300px) 100vw, 300px\" \/><\/a>\n\t\t\t<\/div><\/figure><figure class='gallery-item'>\n\t\t\t<div class='gallery-icon landscape'>\n\t\t\t\t<a  href='https:\/\/profexdca.sk\/wp-content\/uploads\/2022\/08\/Servis-a-urpava-paramterov-CNC-systemov-Heidenhain-scaled.jpg'><img loading=\"lazy\" decoding=\"async\" width=\"300\" height=\"300\" src=\"https:\/\/profexdca.sk\/wp-content\/uploads\/2022\/08\/Servis-a-urpava-paramterov-CNC-systemov-Heidenhain-300x300.jpg\" class=\"attachment-medium size-medium\" alt=\"\" srcset=\"https:\/\/profexdca.sk\/wp-content\/uploads\/2022\/08\/Servis-a-urpava-paramterov-CNC-systemov-Heidenhain-300x300.jpg 300w, https:\/\/profexdca.sk\/wp-content\/uploads\/2022\/08\/Servis-a-urpava-paramterov-CNC-systemov-Heidenhain-1024x1024.jpg 1024w, https:\/\/profexdca.sk\/wp-content\/uploads\/2022\/08\/Servis-a-urpava-paramterov-CNC-systemov-Heidenhain-150x150.jpg 150w, https:\/\/profexdca.sk\/wp-content\/uploads\/2022\/08\/Servis-a-urpava-paramterov-CNC-systemov-Heidenhain-768x768.jpg 768w, https:\/\/profexdca.sk\/wp-content\/uploads\/2022\/08\/Servis-a-urpava-paramterov-CNC-systemov-Heidenhain-1536x1536.jpg 1536w, https:\/\/profexdca.sk\/wp-content\/uploads\/2022\/08\/Servis-a-urpava-paramterov-CNC-systemov-Heidenhain-2048x2048.jpg 2048w\" sizes=\"(max-width: 300px) 100vw, 300px\" \/><\/a>\n\t\t\t<\/div><\/figure>\n\t\t<\/div>\n\t\t<\/div>\n\t\t\t\t\t\t<\/div>\n\t\t\t\t<\/div>\n\t\t\t\t\t<\/div>\n\t\t<\/div>\n\t\t\t\t\t<\/div>\n\t\t<\/section>\n\t\t\t\t<\/div>\n\t\t","protected":false},"excerpt":{"rendered":"<p>PROFEX provides repairs and maintenance services with aim quickly and qualitatively solve arisen issues and minimize further production failures Repairs of conventional machine tools Repairs of CNC and forming machines Delivery and replacement of spare parts Adjusting of the geometric accuracy of horizontal borers, vertical borers, portal mills and other milling machines Repairs of guide [&hellip;]<\/p>\n","protected":false},"author":1,"featured_media":0,"parent":1697,"menu_order":0,"comment_status":"closed","ping_status":"closed","template":"","meta":{"ngg_post_thumbnail":0,"footnotes":""},"class_list":["post-1700","page","type-page","status-publish","hentry"],"blocksy_meta":{"styles_descriptor":{"styles":{"desktop":"","tablet":"","mobile":""},"google_fonts":[],"version":6}},"yoast_head":"<!-- This site is optimized with the Yoast SEO plugin v26.9 - https:\/\/yoast.com\/product\/yoast-seo-wordpress\/ -->\n<title>REPAIRS AND MAINTENACE - Profex dca<\/title>\n<meta name=\"description\" content=\"S\u0165ahovanie strojov, Gener\u00e1lne opravy, Horizont\u00e1lna vyvrt\u00e1va\u010dka, Servis strojov\" \/>\n<meta name=\"robots\" content=\"index, follow, max-snippet:-1, max-image-preview:large, max-video-preview:-1\" \/>\n<link rel=\"canonical\" href=\"https:\/\/profexdca.sk\/en\/services\/servicing-of-machines-at-the-customers-site\/\" \/>\n<meta property=\"og:locale\" content=\"en_US\" \/>\n<meta property=\"og:type\" content=\"article\" \/>\n<meta property=\"og:title\" content=\"REPAIRS AND MAINTENACE - Profex dca\" \/>\n<meta property=\"og:description\" content=\"S\u0165ahovanie strojov, Gener\u00e1lne opravy, Horizont\u00e1lna vyvrt\u00e1va\u010dka, Servis strojov\" \/>\n<meta property=\"og:url\" content=\"https:\/\/profexdca.sk\/en\/services\/servicing-of-machines-at-the-customers-site\/\" \/>\n<meta property=\"og:site_name\" content=\"Profex dca\" \/>\n<meta property=\"article:modified_time\" content=\"2023-03-13T07:58:43+00:00\" \/>\n<meta property=\"og:image\" content=\"https:\/\/web.profexdca.sk\/wp-content\/uploads\/2022\/08\/Servis-strojov-u-zakaznika-300x300.jpg\" \/>\n<meta name=\"twitter:card\" content=\"summary_large_image\" \/>\n<script type=\"application\/ld+json\" class=\"yoast-schema-graph\">{\"@context\":\"https:\/\/schema.org\",\"@graph\":[{\"@type\":\"WebPage\",\"@id\":\"https:\/\/profexdca.sk\/en\/services\/servicing-of-machines-at-the-customers-site\/\",\"url\":\"https:\/\/profexdca.sk\/en\/services\/servicing-of-machines-at-the-customers-site\/\",\"name\":\"REPAIRS AND MAINTENACE - Profex dca\",\"isPartOf\":{\"@id\":\"https:\/\/profexdca.sk\/#website\"},\"primaryImageOfPage\":{\"@id\":\"https:\/\/profexdca.sk\/en\/services\/servicing-of-machines-at-the-customers-site\/#primaryimage\"},\"image\":{\"@id\":\"https:\/\/profexdca.sk\/en\/services\/servicing-of-machines-at-the-customers-site\/#primaryimage\"},\"thumbnailUrl\":\"https:\/\/web.profexdca.sk\/wp-content\/uploads\/2022\/08\/Servis-strojov-u-zakaznika-300x300.jpg\",\"datePublished\":\"2022-08-23T19:56:58+00:00\",\"dateModified\":\"2023-03-13T07:58:43+00:00\",\"description\":\"S\u0165ahovanie strojov, Gener\u00e1lne opravy, Horizont\u00e1lna vyvrt\u00e1va\u010dka, Servis strojov\",\"breadcrumb\":{\"@id\":\"https:\/\/profexdca.sk\/en\/services\/servicing-of-machines-at-the-customers-site\/#breadcrumb\"},\"inLanguage\":\"en-US\",\"potentialAction\":[{\"@type\":\"ReadAction\",\"target\":[\"https:\/\/profexdca.sk\/en\/services\/servicing-of-machines-at-the-customers-site\/\"]}]},{\"@type\":\"ImageObject\",\"inLanguage\":\"en-US\",\"@id\":\"https:\/\/profexdca.sk\/en\/services\/servicing-of-machines-at-the-customers-site\/#primaryimage\",\"url\":\"https:\/\/web.profexdca.sk\/wp-content\/uploads\/2022\/08\/Servis-strojov-u-zakaznika-300x300.jpg\",\"contentUrl\":\"https:\/\/web.profexdca.sk\/wp-content\/uploads\/2022\/08\/Servis-strojov-u-zakaznika-300x300.jpg\"},{\"@type\":\"BreadcrumbList\",\"@id\":\"https:\/\/profexdca.sk\/en\/services\/servicing-of-machines-at-the-customers-site\/#breadcrumb\",\"itemListElement\":[{\"@type\":\"ListItem\",\"position\":1,\"name\":\"Domovsk\u00e1 str\u00e1nka\",\"item\":\"https:\/\/profexdca.sk\/en\/\"},{\"@type\":\"ListItem\",\"position\":2,\"name\":\"Services\",\"item\":\"https:\/\/profexdca.sk\/en\/services\/\"},{\"@type\":\"ListItem\",\"position\":3,\"name\":\"REPAIRS AND MAINTENACE\"}]},{\"@type\":\"WebSite\",\"@id\":\"https:\/\/profexdca.sk\/#website\",\"url\":\"https:\/\/profexdca.sk\/\",\"name\":\"Profex dca\",\"description\":\"Repair and modernisation of larger machine tools\",\"publisher\":{\"@id\":\"https:\/\/profexdca.sk\/#organization\"},\"potentialAction\":[{\"@type\":\"SearchAction\",\"target\":{\"@type\":\"EntryPoint\",\"urlTemplate\":\"https:\/\/profexdca.sk\/?s={search_term_string}\"},\"query-input\":{\"@type\":\"PropertyValueSpecification\",\"valueRequired\":true,\"valueName\":\"search_term_string\"}}],\"inLanguage\":\"en-US\"},{\"@type\":\"Organization\",\"@id\":\"https:\/\/profexdca.sk\/#organization\",\"name\":\"Profex dca\",\"url\":\"https:\/\/profexdca.sk\/\",\"logo\":{\"@type\":\"ImageObject\",\"inLanguage\":\"en-US\",\"@id\":\"https:\/\/profexdca.sk\/#\/schema\/logo\/image\/\",\"url\":\"https:\/\/profexdca.sk\/wp-content\/uploads\/2022\/07\/profex-logo.png\",\"contentUrl\":\"https:\/\/profexdca.sk\/wp-content\/uploads\/2022\/07\/profex-logo.png\",\"width\":400,\"height\":90,\"caption\":\"Profex dca\"},\"image\":{\"@id\":\"https:\/\/profexdca.sk\/#\/schema\/logo\/image\/\"}}]}<\/script>\n<!-- \/ Yoast SEO plugin. -->","yoast_head_json":{"title":"REPAIRS AND MAINTENACE - Profex dca","description":"S\u0165ahovanie strojov, Gener\u00e1lne opravy, Horizont\u00e1lna vyvrt\u00e1va\u010dka, Servis strojov","robots":{"index":"index","follow":"follow","max-snippet":"max-snippet:-1","max-image-preview":"max-image-preview:large","max-video-preview":"max-video-preview:-1"},"canonical":"https:\/\/profexdca.sk\/en\/services\/servicing-of-machines-at-the-customers-site\/","og_locale":"en_US","og_type":"article","og_title":"REPAIRS AND MAINTENACE - Profex dca","og_description":"S\u0165ahovanie strojov, Gener\u00e1lne opravy, Horizont\u00e1lna vyvrt\u00e1va\u010dka, Servis strojov","og_url":"https:\/\/profexdca.sk\/en\/services\/servicing-of-machines-at-the-customers-site\/","og_site_name":"Profex dca","article_modified_time":"2023-03-13T07:58:43+00:00","og_image":[{"url":"https:\/\/web.profexdca.sk\/wp-content\/uploads\/2022\/08\/Servis-strojov-u-zakaznika-300x300.jpg","type":"","width":"","height":""}],"twitter_card":"summary_large_image","schema":{"@context":"https:\/\/schema.org","@graph":[{"@type":"WebPage","@id":"https:\/\/profexdca.sk\/en\/services\/servicing-of-machines-at-the-customers-site\/","url":"https:\/\/profexdca.sk\/en\/services\/servicing-of-machines-at-the-customers-site\/","name":"REPAIRS AND MAINTENACE - Profex dca","isPartOf":{"@id":"https:\/\/profexdca.sk\/#website"},"primaryImageOfPage":{"@id":"https:\/\/profexdca.sk\/en\/services\/servicing-of-machines-at-the-customers-site\/#primaryimage"},"image":{"@id":"https:\/\/profexdca.sk\/en\/services\/servicing-of-machines-at-the-customers-site\/#primaryimage"},"thumbnailUrl":"https:\/\/web.profexdca.sk\/wp-content\/uploads\/2022\/08\/Servis-strojov-u-zakaznika-300x300.jpg","datePublished":"2022-08-23T19:56:58+00:00","dateModified":"2023-03-13T07:58:43+00:00","description":"S\u0165ahovanie strojov, Gener\u00e1lne opravy, Horizont\u00e1lna vyvrt\u00e1va\u010dka, Servis strojov","breadcrumb":{"@id":"https:\/\/profexdca.sk\/en\/services\/servicing-of-machines-at-the-customers-site\/#breadcrumb"},"inLanguage":"en-US","potentialAction":[{"@type":"ReadAction","target":["https:\/\/profexdca.sk\/en\/services\/servicing-of-machines-at-the-customers-site\/"]}]},{"@type":"ImageObject","inLanguage":"en-US","@id":"https:\/\/profexdca.sk\/en\/services\/servicing-of-machines-at-the-customers-site\/#primaryimage","url":"https:\/\/web.profexdca.sk\/wp-content\/uploads\/2022\/08\/Servis-strojov-u-zakaznika-300x300.jpg","contentUrl":"https:\/\/web.profexdca.sk\/wp-content\/uploads\/2022\/08\/Servis-strojov-u-zakaznika-300x300.jpg"},{"@type":"BreadcrumbList","@id":"https:\/\/profexdca.sk\/en\/services\/servicing-of-machines-at-the-customers-site\/#breadcrumb","itemListElement":[{"@type":"ListItem","position":1,"name":"Domovsk\u00e1 str\u00e1nka","item":"https:\/\/profexdca.sk\/en\/"},{"@type":"ListItem","position":2,"name":"Services","item":"https:\/\/profexdca.sk\/en\/services\/"},{"@type":"ListItem","position":3,"name":"REPAIRS AND MAINTENACE"}]},{"@type":"WebSite","@id":"https:\/\/profexdca.sk\/#website","url":"https:\/\/profexdca.sk\/","name":"Profex dca","description":"Repair and modernisation of larger machine tools","publisher":{"@id":"https:\/\/profexdca.sk\/#organization"},"potentialAction":[{"@type":"SearchAction","target":{"@type":"EntryPoint","urlTemplate":"https:\/\/profexdca.sk\/?s={search_term_string}"},"query-input":{"@type":"PropertyValueSpecification","valueRequired":true,"valueName":"search_term_string"}}],"inLanguage":"en-US"},{"@type":"Organization","@id":"https:\/\/profexdca.sk\/#organization","name":"Profex dca","url":"https:\/\/profexdca.sk\/","logo":{"@type":"ImageObject","inLanguage":"en-US","@id":"https:\/\/profexdca.sk\/#\/schema\/logo\/image\/","url":"https:\/\/profexdca.sk\/wp-content\/uploads\/2022\/07\/profex-logo.png","contentUrl":"https:\/\/profexdca.sk\/wp-content\/uploads\/2022\/07\/profex-logo.png","width":400,"height":90,"caption":"Profex dca"},"image":{"@id":"https:\/\/profexdca.sk\/#\/schema\/logo\/image\/"}}]}},"_links":{"self":[{"href":"https:\/\/profexdca.sk\/en\/wp-json\/wp\/v2\/pages\/1700","targetHints":{"allow":["GET"]}}],"collection":[{"href":"https:\/\/profexdca.sk\/en\/wp-json\/wp\/v2\/pages"}],"about":[{"href":"https:\/\/profexdca.sk\/en\/wp-json\/wp\/v2\/types\/page"}],"author":[{"embeddable":true,"href":"https:\/\/profexdca.sk\/en\/wp-json\/wp\/v2\/users\/1"}],"replies":[{"embeddable":true,"href":"https:\/\/profexdca.sk\/en\/wp-json\/wp\/v2\/comments?post=1700"}],"version-history":[{"count":6,"href":"https:\/\/profexdca.sk\/en\/wp-json\/wp\/v2\/pages\/1700\/revisions"}],"predecessor-version":[{"id":1883,"href":"https:\/\/profexdca.sk\/en\/wp-json\/wp\/v2\/pages\/1700\/revisions\/1883"}],"up":[{"embeddable":true,"href":"https:\/\/profexdca.sk\/en\/wp-json\/wp\/v2\/pages\/1697"}],"wp:attachment":[{"href":"https:\/\/profexdca.sk\/en\/wp-json\/wp\/v2\/media?parent=1700"}],"curies":[{"name":"wp","href":"https:\/\/api.w.org\/{rel}","templated":true}]}}